{"id":601,"date":"2024-07-11T15:53:24","date_gmt":"2024-07-11T18:53:24","guid":{"rendered":"https:\/\/www.vkya.com.uy\/sitio\/?page_id=601"},"modified":"2024-08-09T11:18:09","modified_gmt":"2024-08-09T14:18:09","slug":"equipo","status":"publish","type":"page","link":"https:\/\/www.vkya.com.uy\/sitio\/equipo\/","title":{"rendered":"Equipo"},"content":{"rendered":"\t\t<div data-elementor-type=\"wp-page\" data-elementor-id=\"601\" class=\"elementor elementor-601\">\n\t\t\t\t<div class=\"elementor-element elementor-element-4dfcf24 e-grid e-con-boxed e-con e-parent\" data-id=\"4dfcf24\" data-element_type=\"container\">\n\t\t\t\t\t<div class=\"e-con-inner\">\n\t\t\t\t<div class=\"elementor-element elementor-element-4a8ccaa elementor-widget elementor-widget-image\" data-id=\"4a8ccaa\" data-element_type=\"widget\" data-widget_type=\"image.default\">\n\t\t\t\t<div class=\"elementor-widget-container\">\n\t\t\t<style>\/*! elementor - v3.23.0 - 05-08-2024 *\/\n.elementor-widget-image{text-align:center}.elementor-widget-image a{display:inline-block}.elementor-widget-image a img[src$=\".svg\"]{width:48px}.elementor-widget-image img{vertical-align:middle;display:inline-block}<\/style>\t\t\t\t\t\t\t\t\t\t<img fetchpriority=\"high\" decoding=\"async\" width=\"947\" height=\"1024\" src=\"https:\/\/www.vkya.com.uy\/sitio\/wp-content\/uploads\/2024\/08\/Nicolas_Vilensky-947x1024.jpg\" class=\"attachment-large size-large wp-image-910\" alt=\"\" srcset=\"https:\/\/www.vkya.com.uy\/sitio\/wp-content\/uploads\/2024\/08\/Nicolas_Vilensky-947x1024.jpg 947w, https:\/\/www.vkya.com.uy\/sitio\/wp-content\/uploads\/2024\/08\/Nicolas_Vilensky-277x300.jpg 277w, https:\/\/www.vkya.com.uy\/sitio\/wp-content\/uploads\/2024\/08\/Nicolas_Vilensky-768x831.jpg 768w, https:\/\/www.vkya.com.uy\/sitio\/wp-content\/uploads\/2024\/08\/Nicolas_Vilensky.jpg 1080w\" sizes=\"(max-width: 947px) 100vw, 947px\" \/>\t\t\t\t\t\t\t\t\t\t\t\t\t<\/div>\n\t\t\t\t<\/div>\n\t\t\t\t<div class=\"elementor-element elementor-element-94826e1 elementor-widget elementor-widget-text-editor\" data-id=\"94826e1\" data-element_type=\"widget\" data-widget_type=\"text-editor.default\">\n\t\t\t\t<div class=\"elementor-widget-container\">\n\t\t\t<style>\/*! elementor - v3.23.0 - 05-08-2024 *\/\n.elementor-widget-text-editor.elementor-drop-cap-view-stacked .elementor-drop-cap{background-color:#69727d;color:#fff}.elementor-widget-text-editor.elementor-drop-cap-view-framed .elementor-drop-cap{color:#69727d;border:3px solid;background-color:transparent}.elementor-widget-text-editor:not(.elementor-drop-cap-view-default) .elementor-drop-cap{margin-top:8px}.elementor-widget-text-editor:not(.elementor-drop-cap-view-default) .elementor-drop-cap-letter{width:1em;height:1em}.elementor-widget-text-editor .elementor-drop-cap{float:left;text-align:center;line-height:1;font-size:50px}.elementor-widget-text-editor .elementor-drop-cap-letter{display:inline-block}<\/style>\t\t\t\t<h3>Cr.<strong> Lic. Nicol\u00e1s Vilensky Klecky (MBA)<\/strong><\/h3><p><strong>Director del Estudio.<\/strong><\/p><ul><li><strong>M\u00e1ster en Administraci\u00f3n de Empresas con \u00e9nfasis en finanzas (MBA) por la Universidad ORT del Uruguay.<\/strong><\/li><li><strong>Contador P\u00fablico y Licenciado en Direcci\u00f3n de Empresas con \u00e9nfasis en finanzas por la Universidad Cat\u00f3lica del Uruguay.<\/strong><\/li><li><strong>Menci\u00f3n de honor en su tesis de graduaci\u00f3n sobre el impacto de las marcas blancas de los supermercados.<\/strong><\/li><\/ul>\t\t\t\t\t\t<\/div>\n\t\t\t\t<\/div>\n\t\t\t\t\t<\/div>\n\t\t\t\t<\/div>\n\t\t<div class=\"elementor-element elementor-element-7601a66 e-flex e-con-boxed e-con e-parent\" data-id=\"7601a66\" data-element_type=\"container\">\n\t\t\t\t\t<div class=\"e-con-inner\">\n\t\t\t\t<div class=\"elementor-element elementor-element-37f8ed9 elementor-widget elementor-widget-text-editor\" data-id=\"37f8ed9\" data-element_type=\"widget\" data-widget_type=\"text-editor.default\">\n\t\t\t\t<div class=\"elementor-widget-container\">\n\t\t\t\t\t\t\t<p>Fue Coordinador Acad\u00e9mico del Vector Finanzas de las carreras de grado de la facultada de ciencias empresariales de la Universidad Cat\u00f3lica y docente\u00a0 de las materias Finanzas I y II y de Finanzas Internacionales de la carrera de Contador P\u00fablico y de Direcci\u00f3n de Empresas en dicha casas de Estudios.<\/p><p>Ha realizado cursos de postgrado en la UPAE y en el CCEAU y ha participado de congresos tanto en el pa\u00eds como en el extranjero \u00a0sobre temas tributarios, laborales y financieros.<\/p><p>Ha participado en casos complejos de controversia fiscal y de reestructuraci\u00f3n financiera de empresas.<\/p><p>A lo largo de su carrera ha sido asesor fiscal, laboral, financiero y contable de empresas y organizaciones de diversos sectores, tanto nacionales como internacionales y participando como asesor en diversos directorios de importantes empresas de plaza.\u00a0<\/p>\t\t\t\t\t\t<\/div>\n\t\t\t\t<\/div>\n\t\t\t\t<div class=\"elementor-element elementor-element-1d23607 elementor-widget-divider--view-line elementor-widget elementor-widget-divider\" data-id=\"1d23607\" data-element_type=\"widget\" data-widget_type=\"divider.default\">\n\t\t\t\t<div class=\"elementor-widget-container\">\n\t\t\t<style>\/*! elementor - v3.23.0 - 05-08-2024 *\/\n.elementor-widget-divider{--divider-border-style:none;--divider-border-width:1px;--divider-color:#0c0d0e;--divider-icon-size:20px;--divider-element-spacing:10px;--divider-pattern-height:24px;--divider-pattern-size:20px;--divider-pattern-url:none;--divider-pattern-repeat:repeat-x}.elementor-widget-divider .elementor-divider{display:flex}.elementor-widget-divider .elementor-divider__text{font-size:15px;line-height:1;max-width:95%}.elementor-widget-divider .elementor-divider__element{margin:0 var(--divider-element-spacing);flex-shrink:0}.elementor-widget-divider .elementor-icon{font-size:var(--divider-icon-size)}.elementor-widget-divider .elementor-divider-separator{display:flex;margin:0;direction:ltr}.elementor-widget-divider--view-line_icon .elementor-divider-separator,.elementor-widget-divider--view-line_text .elementor-divider-separator{align-items:center}.elementor-widget-divider--view-line_icon .elementor-divider-separator:after,.elementor-widget-divider--view-line_icon .elementor-divider-separator:before,.elementor-widget-divider--view-line_text .elementor-divider-separator:after,.elementor-widget-divider--view-line_text .elementor-divider-separator:before{display:block;content:\"\";border-block-end:0;flex-grow:1;border-block-start:var(--divider-border-width) var(--divider-border-style) var(--divider-color)}.elementor-widget-divider--element-align-left .elementor-divider .elementor-divider-separator>.elementor-divider__svg:first-of-type{flex-grow:0;flex-shrink:100}.elementor-widget-divider--element-align-left .elementor-divider-separator:before{content:none}.elementor-widget-divider--element-align-left .elementor-divider__element{margin-left:0}.elementor-widget-divider--element-align-right .elementor-divider .elementor-divider-separator>.elementor-divider__svg:last-of-type{flex-grow:0;flex-shrink:100}.elementor-widget-divider--element-align-right .elementor-divider-separator:after{content:none}.elementor-widget-divider--element-align-right .elementor-divider__element{margin-right:0}.elementor-widget-divider--element-align-start .elementor-divider .elementor-divider-separator>.elementor-divider__svg:first-of-type{flex-grow:0;flex-shrink:100}.elementor-widget-divider--element-align-start .elementor-divider-separator:before{content:none}.elementor-widget-divider--element-align-start .elementor-divider__element{margin-inline-start:0}.elementor-widget-divider--element-align-end .elementor-divider .elementor-divider-separator>.elementor-divider__svg:last-of-type{flex-grow:0;flex-shrink:100}.elementor-widget-divider--element-align-end .elementor-divider-separator:after{content:none}.elementor-widget-divider--element-align-end .elementor-divider__element{margin-inline-end:0}.elementor-widget-divider:not(.elementor-widget-divider--view-line_text):not(.elementor-widget-divider--view-line_icon) .elementor-divider-separator{border-block-start:var(--divider-border-width) var(--divider-border-style) var(--divider-color)}.elementor-widget-divider--separator-type-pattern{--divider-border-style:none}.elementor-widget-divider--separator-type-pattern.elementor-widget-divider--view-line .elementor-divider-separator,.elementor-widget-divider--separator-type-pattern:not(.elementor-widget-divider--view-line) .elementor-divider-separator:after,.elementor-widget-divider--separator-type-pattern:not(.elementor-widget-divider--view-line) .elementor-divider-separator:before,.elementor-widget-divider--separator-type-pattern:not([class*=elementor-widget-divider--view]) .elementor-divider-separator{width:100%;min-height:var(--divider-pattern-height);-webkit-mask-size:var(--divider-pattern-size) 100%;mask-size:var(--divider-pattern-size) 100%;-webkit-mask-repeat:var(--divider-pattern-repeat);mask-repeat:var(--divider-pattern-repeat);background-color:var(--divider-color);-webkit-mask-image:var(--divider-pattern-url);mask-image:var(--divider-pattern-url)}.elementor-widget-divider--no-spacing{--divider-pattern-size:auto}.elementor-widget-divider--bg-round{--divider-pattern-repeat:round}.rtl .elementor-widget-divider .elementor-divider__text{direction:rtl}.e-con-inner>.elementor-widget-divider,.e-con>.elementor-widget-divider{width:var(--container-widget-width,100%);--flex-grow:var(--container-widget-flex-grow)}<\/style>\t\t<div class=\"elementor-divider\">\n\t\t\t<span class=\"elementor-divider-separator\">\n\t\t\t\t\t\t<\/span>\n\t\t<\/div>\n\t\t\t\t<\/div>\n\t\t\t\t<\/div>\n\t\t\t\t\t<\/div>\n\t\t\t\t<\/div>\n\t\t<div class=\"elementor-element elementor-element-68b766f e-grid e-con-boxed e-con e-parent\" data-id=\"68b766f\" data-element_type=\"container\">\n\t\t\t\t\t<div class=\"e-con-inner\">\n\t\t\t\t<div class=\"elementor-element elementor-element-de566dc elementor-widget elementor-widget-text-editor\" data-id=\"de566dc\" data-element_type=\"widget\" data-widget_type=\"text-editor.default\">\n\t\t\t\t<div class=\"elementor-widget-container\">\n\t\t\t\t\t\t\t<h3><strong>Cr. Federico Fern\u00e1ndez (Postgraduado)<\/strong><\/h3><p><strong>Contador General del Estudio.<\/strong><\/p><ul><li><strong>Postgraduado en Tributaci\u00f3n Aplicada por la Universidad de Montevideo.<\/strong><\/li><li><strong>Contador P\u00fablico por la Universidad de la Rep\u00fablica.<\/strong><\/li><\/ul><p>Ha realizado cursos de postgrado en la UPAE y ha participado de congresos en el pa\u00eds sobre temas tributarios.<\/p><p>Se ha especializado en tributaci\u00f3n empresarial y auditoria fiscal de empresas.\u00a0<\/p>\t\t\t\t\t\t<\/div>\n\t\t\t\t<\/div>\n\t\t\t\t<div class=\"elementor-element elementor-element-bc7f4e4 elementor-widget elementor-widget-image\" data-id=\"bc7f4e4\" data-element_type=\"widget\" data-widget_type=\"image.default\">\n\t\t\t\t<div class=\"elementor-widget-container\">\n\t\t\t\t\t\t\t\t\t\t\t\t\t<img decoding=\"async\" width=\"947\" height=\"1024\" src=\"https:\/\/www.vkya.com.uy\/sitio\/wp-content\/uploads\/2024\/08\/Federico-Fernandez-947x1024.jpg\" class=\"attachment-large size-large wp-image-909\" alt=\"\" srcset=\"https:\/\/www.vkya.com.uy\/sitio\/wp-content\/uploads\/2024\/08\/Federico-Fernandez-947x1024.jpg 947w, https:\/\/www.vkya.com.uy\/sitio\/wp-content\/uploads\/2024\/08\/Federico-Fernandez-277x300.jpg 277w, https:\/\/www.vkya.com.uy\/sitio\/wp-content\/uploads\/2024\/08\/Federico-Fernandez-768x831.jpg 768w, https:\/\/www.vkya.com.uy\/sitio\/wp-content\/uploads\/2024\/08\/Federico-Fernandez.jpg 1080w\" sizes=\"(max-width: 947px) 100vw, 947px\" \/>\t\t\t\t\t\t\t\t\t\t\t\t\t<\/div>\n\t\t\t\t<\/div>\n\t\t\t\t\t<\/div>\n\t\t\t\t<\/div>\n\t\t<div class=\"elementor-element elementor-element-d7579b2 e-flex e-con-boxed e-con e-parent\" data-id=\"d7579b2\" data-element_type=\"container\">\n\t\t\t\t\t<div class=\"e-con-inner\">\n\t\t\t\t<div class=\"elementor-element elementor-element-6598cad elementor-widget elementor-widget-text-editor\" data-id=\"6598cad\" data-element_type=\"widget\" data-widget_type=\"text-editor.default\">\n\t\t\t\t<div class=\"elementor-widget-container\">\n\t\t\t\t\t\t\t<p>Es asesor fiscal y contable de empresas y organizaciones clientes del Estudio, que operan en diversos sectores y que reportan a directorios tanto nacionales como extranjeros.<\/p><p>Lidera el trabajo de los analistas y asistentes del Estudio.<\/p>\t\t\t\t\t\t<\/div>\n\t\t\t\t<\/div>\n\t\t\t\t<div class=\"elementor-element elementor-element-3c53aad elementor-widget-divider--view-line elementor-widget elementor-widget-divider\" data-id=\"3c53aad\" data-element_type=\"widget\" data-widget_type=\"divider.default\">\n\t\t\t\t<div class=\"elementor-widget-container\">\n\t\t\t\t\t<div class=\"elementor-divider\">\n\t\t\t<span class=\"elementor-divider-separator\">\n\t\t\t\t\t\t<\/span>\n\t\t<\/div>\n\t\t\t\t<\/div>\n\t\t\t\t<\/div>\n\t\t\t\t\t<\/div>\n\t\t\t\t<\/div>\n\t\t<div class=\"elementor-element elementor-element-49705f7 e-grid e-con-boxed e-con e-parent\" data-id=\"49705f7\" data-element_type=\"container\">\n\t\t\t\t\t<div class=\"e-con-inner\">\n\t\t\t\t<div class=\"elementor-element elementor-element-5ab4b6b elementor-widget elementor-widget-image\" data-id=\"5ab4b6b\" data-element_type=\"widget\" data-widget_type=\"image.default\">\n\t\t\t\t<div class=\"elementor-widget-container\">\n\t\t\t\t\t\t\t\t\t\t\t\t\t<img decoding=\"async\" width=\"947\" height=\"1024\" src=\"https:\/\/www.vkya.com.uy\/sitio\/wp-content\/uploads\/2024\/08\/Lucia_Urricariet-947x1024.jpg\" class=\"attachment-large size-large wp-image-911\" alt=\"\" srcset=\"https:\/\/www.vkya.com.uy\/sitio\/wp-content\/uploads\/2024\/08\/Lucia_Urricariet-947x1024.jpg 947w, https:\/\/www.vkya.com.uy\/sitio\/wp-content\/uploads\/2024\/08\/Lucia_Urricariet-277x300.jpg 277w, https:\/\/www.vkya.com.uy\/sitio\/wp-content\/uploads\/2024\/08\/Lucia_Urricariet-768x831.jpg 768w, https:\/\/www.vkya.com.uy\/sitio\/wp-content\/uploads\/2024\/08\/Lucia_Urricariet.jpg 1080w\" sizes=\"(max-width: 947px) 100vw, 947px\" \/>\t\t\t\t\t\t\t\t\t\t\t\t\t<\/div>\n\t\t\t\t<\/div>\n\t\t\t\t<div class=\"elementor-element elementor-element-49739ab elementor-widget elementor-widget-text-editor\" data-id=\"49739ab\" data-element_type=\"widget\" data-widget_type=\"text-editor.default\">\n\t\t\t\t<div class=\"elementor-widget-container\">\n\t\t\t\t\t\t\t<h3><strong>Luc\u00eda Urricariet <\/strong><\/h3><p><strong>Analista Senior Laboral.<\/strong><\/p><ul><li><strong>T\u00e9cnico en Administraci\u00f3n de Empresas por la UTU.<\/strong><\/li><li><strong>Estudiante de la Licenciatura en Relaciones Laborales y de la carrera de Contador P\u00fablico en la Universidad de la Rep\u00fablica.<\/strong><\/li><\/ul><p>Se ha especializado en el \u00e1rea laboral, abordando asuntos vinculados a la liquidaci\u00f3n de sueldos, relaciones laborales y tributaci\u00f3n laboral. Ha participado de auditor\u00edas laborales.<\/p><p>Cuenta con una amplia experiencia en gestiones y resoluci\u00f3n de controversias frente al BPS y MTSS.<\/p>\t\t\t\t\t\t<\/div>\n\t\t\t\t<\/div>\n\t\t\t\t\t<\/div>\n\t\t\t\t<\/div>\n\t\t<div class=\"elementor-element elementor-element-5e29b0f e-flex e-con-boxed e-con e-parent\" data-id=\"5e29b0f\" data-element_type=\"container\">\n\t\t\t\t\t<div class=\"e-con-inner\">\n\t\t\t\t<div class=\"elementor-element elementor-element-120d339 elementor-widget elementor-widget-text-editor\" data-id=\"120d339\" data-element_type=\"widget\" data-widget_type=\"text-editor.default\">\n\t\t\t\t<div class=\"elementor-widget-container\">\n\t\t\t\t\t\t\t<p>Ha participa de cursos y congresos vinculados al \u00e1rea laboral. Asesora a empresas nacionales e internacionales clientes del Estudio en temas laborales.\u00a0<\/p>\t\t\t\t\t\t<\/div>\n\t\t\t\t<\/div>\n\t\t\t\t<div class=\"elementor-element elementor-element-6ec46a2 elementor-widget-divider--view-line elementor-widget elementor-widget-divider\" data-id=\"6ec46a2\" data-element_type=\"widget\" data-widget_type=\"divider.default\">\n\t\t\t\t<div class=\"elementor-widget-container\">\n\t\t\t\t\t<div class=\"elementor-divider\">\n\t\t\t<span class=\"elementor-divider-separator\">\n\t\t\t\t\t\t<\/span>\n\t\t<\/div>\n\t\t\t\t<\/div>\n\t\t\t\t<\/div>\n\t\t\t\t\t<\/div>\n\t\t\t\t<\/div>\n\t\t<div class=\"elementor-element elementor-element-a97eb73 e-grid e-con-boxed e-con e-parent\" data-id=\"a97eb73\" data-element_type=\"container\">\n\t\t\t\t\t<div class=\"e-con-inner\">\n\t\t\t\t<div class=\"elementor-element elementor-element-e7a62a0 elementor-widget elementor-widget-text-editor\" data-id=\"e7a62a0\" data-element_type=\"widget\" data-widget_type=\"text-editor.default\">\n\t\t\t\t<div class=\"elementor-widget-container\">\n\t\t\t\t\t\t\t<h3><strong>Melina Rodr\u00edguez <\/strong><\/h3><p><strong>Analista Senior Contable.<\/strong><\/p><ul><li><strong>Estudiante de la carrera de Contador P\u00fablico en la Universidad de la Rep\u00fablica.<\/strong><\/li><\/ul><p>Se ha especializado en los asuntos contables y de gesti\u00f3n fiscal de clientes. Asimismo ha participado de la implementaci\u00f3n de sistemas de ERP en clientes del estudio. Ha participado asimismo en auditorias contables de clientes.<\/p><p>Trabaja con empresas nacionales e internacionales clientes del Estudio en temas contables, fiscales y de sistemas de gesti\u00f3n empresarial.\u00a0<\/p>\t\t\t\t\t\t<\/div>\n\t\t\t\t<\/div>\n\t\t\t\t<div class=\"elementor-element elementor-element-3e73958 elementor-widget elementor-widget-image\" data-id=\"3e73958\" data-element_type=\"widget\" data-widget_type=\"image.default\">\n\t\t\t\t<div class=\"elementor-widget-container\">\n\t\t\t\t\t\t\t\t\t\t\t\t\t<img loading=\"lazy\" decoding=\"async\" width=\"947\" height=\"1024\" src=\"https:\/\/www.vkya.com.uy\/sitio\/wp-content\/uploads\/2024\/08\/Melina_Rodriguez-947x1024.jpg\" class=\"attachment-large size-large wp-image-912\" alt=\"\" srcset=\"https:\/\/www.vkya.com.uy\/sitio\/wp-content\/uploads\/2024\/08\/Melina_Rodriguez-947x1024.jpg 947w, https:\/\/www.vkya.com.uy\/sitio\/wp-content\/uploads\/2024\/08\/Melina_Rodriguez-277x300.jpg 277w, https:\/\/www.vkya.com.uy\/sitio\/wp-content\/uploads\/2024\/08\/Melina_Rodriguez-768x831.jpg 768w, https:\/\/www.vkya.com.uy\/sitio\/wp-content\/uploads\/2024\/08\/Melina_Rodriguez.jpg 1080w\" sizes=\"(max-width: 947px) 100vw, 947px\" \/>\t\t\t\t\t\t\t\t\t\t\t\t\t<\/div>\n\t\t\t\t<\/div>\n\t\t\t\t\t<\/div>\n\t\t\t\t<\/div>\n\t\t<div class=\"elementor-element elementor-element-62babaa e-flex e-con-boxed e-con e-parent\" data-id=\"62babaa\" data-element_type=\"container\">\n\t\t\t\t\t<div class=\"e-con-inner\">\n\t\t\t\t<div class=\"elementor-element elementor-element-620ea44 elementor-widget elementor-widget-spacer\" data-id=\"620ea44\" data-element_type=\"widget\" data-widget_type=\"spacer.default\">\n\t\t\t\t<div class=\"elementor-widget-container\">\n\t\t\t<style>\/*! elementor - v3.23.0 - 05-08-2024 *\/\n.elementor-column .elementor-spacer-inner{height:var(--spacer-size)}.e-con{--container-widget-width:100%}.e-con-inner>.elementor-widget-spacer,.e-con>.elementor-widget-spacer{width:var(--container-widget-width,var(--spacer-size));--align-self:var(--container-widget-align-self,initial);--flex-shrink:0}.e-con-inner>.elementor-widget-spacer>.elementor-widget-container,.e-con>.elementor-widget-spacer>.elementor-widget-container{height:100%;width:100%}.e-con-inner>.elementor-widget-spacer>.elementor-widget-container>.elementor-spacer,.e-con>.elementor-widget-spacer>.elementor-widget-container>.elementor-spacer{height:100%}.e-con-inner>.elementor-widget-spacer>.elementor-widget-container>.elementor-spacer>.elementor-spacer-inner,.e-con>.elementor-widget-spacer>.elementor-widget-container>.elementor-spacer>.elementor-spacer-inner{height:var(--container-widget-height,var(--spacer-size))}.e-con-inner>.elementor-widget-spacer.elementor-widget-empty,.e-con>.elementor-widget-spacer.elementor-widget-empty{position:relative;min-height:22px;min-width:22px}.e-con-inner>.elementor-widget-spacer.elementor-widget-empty .elementor-widget-empty-icon,.e-con>.elementor-widget-spacer.elementor-widget-empty .elementor-widget-empty-icon{position:absolute;top:0;bottom:0;left:0;right:0;margin:auto;padding:0;width:22px;height:22px}<\/style>\t\t<div class=\"elementor-spacer\">\n\t\t\t<div class=\"elementor-spacer-inner\"><\/div>\n\t\t<\/div>\n\t\t\t\t<\/div>\n\t\t\t\t<\/div>\n\t\t\t\t<div class=\"elementor-element elementor-element-856be89 elementor-widget-divider--view-line elementor-widget elementor-widget-divider\" data-id=\"856be89\" data-element_type=\"widget\" data-widget_type=\"divider.default\">\n\t\t\t\t<div class=\"elementor-widget-container\">\n\t\t\t\t\t<div class=\"elementor-divider\">\n\t\t\t<span class=\"elementor-divider-separator\">\n\t\t\t\t\t\t<\/span>\n\t\t<\/div>\n\t\t\t\t<\/div>\n\t\t\t\t<\/div>\n\t\t\t\t\t<\/div>\n\t\t\t\t<\/div>\n\t\t<div class=\"elementor-element elementor-element-020b82a e-grid e-con-boxed e-con e-parent\" data-id=\"020b82a\" data-element_type=\"container\">\n\t\t\t\t\t<div class=\"e-con-inner\">\n\t\t\t\t<div class=\"elementor-element elementor-element-a20cf41 elementor-widget elementor-widget-image\" data-id=\"a20cf41\" data-element_type=\"widget\" data-widget_type=\"image.default\">\n\t\t\t\t<div class=\"elementor-widget-container\">\n\t\t\t\t\t\t\t\t\t\t\t\t\t<img loading=\"lazy\" decoding=\"async\" width=\"947\" height=\"1024\" src=\"https:\/\/www.vkya.com.uy\/sitio\/wp-content\/uploads\/2024\/08\/Soledad_Iafrate-947x1024.jpg\" class=\"attachment-large size-large wp-image-913\" alt=\"\" srcset=\"https:\/\/www.vkya.com.uy\/sitio\/wp-content\/uploads\/2024\/08\/Soledad_Iafrate-947x1024.jpg 947w, https:\/\/www.vkya.com.uy\/sitio\/wp-content\/uploads\/2024\/08\/Soledad_Iafrate-277x300.jpg 277w, https:\/\/www.vkya.com.uy\/sitio\/wp-content\/uploads\/2024\/08\/Soledad_Iafrate-768x831.jpg 768w, https:\/\/www.vkya.com.uy\/sitio\/wp-content\/uploads\/2024\/08\/Soledad_Iafrate.jpg 1080w\" sizes=\"(max-width: 947px) 100vw, 947px\" \/>\t\t\t\t\t\t\t\t\t\t\t\t\t<\/div>\n\t\t\t\t<\/div>\n\t\t\t\t<div class=\"elementor-element elementor-element-0d212b5 elementor-widget elementor-widget-text-editor\" data-id=\"0d212b5\" data-element_type=\"widget\" data-widget_type=\"text-editor.default\">\n\t\t\t\t<div class=\"elementor-widget-container\">\n\t\t\t\t\t\t\t<h3><strong>Soledad Iafrate<\/strong><\/h3><p><strong>Auxiliar Contable.<\/strong><\/p><p><strong>T\u00e9cnico en Administraci\u00f3n de Empresas por la UTU.<\/strong><\/p><p>Trabaja con empresas nacionales e internacionales, clientes del Estudio en los servicios de tercerizaci\u00f3n contable, realizando los registros de comprobantes y conciliaciones de cuentas para los cierres.<\/p><p>Asimismo participa de los proyectos de auditoria en las revisiones y controles contables.<\/p><p>Tiene a su cargo la gesti\u00f3n documental del Estudio.<\/p>\t\t\t\t\t\t<\/div>\n\t\t\t\t<\/div>\n\t\t\t\t\t<\/div>\n\t\t\t\t<\/div>\n\t\t\t\t<\/div>\n\t\t","protected":false},"excerpt":{"rendered":"<p>Cr. Lic. Nicol\u00e1s Vilensky Klecky (MBA) Director del Estudio. M\u00e1ster en Administraci\u00f3n de Empresas con [&hellip;]<\/p>\n","protected":false},"author":3,"featured_media":0,"parent":0,"menu_order":0,"comment_status":"closed","ping_status":"closed","template":"","meta":{"footnotes":""},"_links":{"self":[{"href":"https:\/\/www.vkya.com.uy\/sitio\/wp-json\/wp\/v2\/pages\/601"}],"collection":[{"href":"https:\/\/www.vkya.com.uy\/sitio\/wp-json\/wp\/v2\/pages"}],"about":[{"href":"https:\/\/www.vkya.com.uy\/sitio\/wp-json\/wp\/v2\/types\/page"}],"author":[{"embeddable":true,"href":"https:\/\/www.vkya.com.uy\/sitio\/wp-json\/wp\/v2\/users\/3"}],"replies":[{"embeddable":true,"href":"https:\/\/www.vkya.com.uy\/sitio\/wp-json\/wp\/v2\/comments?post=601"}],"version-history":[{"count":40,"href":"https:\/\/www.vkya.com.uy\/sitio\/wp-json\/wp\/v2\/pages\/601\/revisions"}],"predecessor-version":[{"id":916,"href":"https:\/\/www.vkya.com.uy\/sitio\/wp-json\/wp\/v2\/pages\/601\/revisions\/916"}],"wp:attachment":[{"href":"https:\/\/www.vkya.com.uy\/sitio\/wp-json\/wp\/v2\/media?parent=601"}],"curies":[{"name":"wp","href":"https:\/\/api.w.org\/{rel}","templated":true}]}}