{"id":670,"date":"2024-07-20T14:02:21","date_gmt":"2024-07-20T17:02:21","guid":{"rendered":"https:\/\/www.vkya.com.uy\/sitio\/?page_id=670"},"modified":"2024-08-09T11:52:49","modified_gmt":"2024-08-09T14:52:49","slug":"compra_venta_negocio","status":"publish","type":"page","link":"https:\/\/www.vkya.com.uy\/sitio\/compra_venta_negocio\/","title":{"rendered":"Compra Venta de un negocio"},"content":{"rendered":"\t\t<div data-elementor-type=\"wp-page\" data-elementor-id=\"670\" class=\"elementor elementor-670\">\n\t\t\t\t<div class=\"elementor-element elementor-element-a63e77b e-flex e-con-boxed e-con e-parent\" data-id=\"a63e77b\" data-element_type=\"container\">\n\t\t\t\t\t<div class=\"e-con-inner\">\n\t\t\t\t<div class=\"elementor-element elementor-element-0af58e7 elementor-widget elementor-widget-heading\" data-id=\"0af58e7\" data-element_type=\"widget\" data-widget_type=\"heading.default\">\n\t\t\t\t<div class=\"elementor-widget-container\">\n\t\t\t<style>\/*! elementor - v3.23.0 - 05-08-2024 *\/\n.elementor-heading-title{padding:0;margin:0;line-height:1}.elementor-widget-heading .elementor-heading-title[class*=elementor-size-]>a{color:inherit;font-size:inherit;line-height:inherit}.elementor-widget-heading .elementor-heading-title.elementor-size-small{font-size:15px}.elementor-widget-heading .elementor-heading-title.elementor-size-medium{font-size:19px}.elementor-widget-heading .elementor-heading-title.elementor-size-large{font-size:29px}.elementor-widget-heading .elementor-heading-title.elementor-size-xl{font-size:39px}.elementor-widget-heading .elementor-heading-title.elementor-size-xxl{font-size:59px}<\/style><h2 class=\"elementor-heading-title elementor-size-default\">Compra Venta de un negocio<\/h2>\t\t<\/div>\n\t\t\t\t<\/div>\n\t\t\t\t<div class=\"elementor-element elementor-element-ce7e007 elementor-widget elementor-widget-text-editor\" data-id=\"ce7e007\" data-element_type=\"widget\" data-widget_type=\"text-editor.default\">\n\t\t\t\t<div class=\"elementor-widget-container\">\n\t\t\t<style>\/*! elementor - v3.23.0 - 05-08-2024 *\/\n.elementor-widget-text-editor.elementor-drop-cap-view-stacked .elementor-drop-cap{background-color:#69727d;color:#fff}.elementor-widget-text-editor.elementor-drop-cap-view-framed .elementor-drop-cap{color:#69727d;border:3px solid;background-color:transparent}.elementor-widget-text-editor:not(.elementor-drop-cap-view-default) .elementor-drop-cap{margin-top:8px}.elementor-widget-text-editor:not(.elementor-drop-cap-view-default) .elementor-drop-cap-letter{width:1em;height:1em}.elementor-widget-text-editor .elementor-drop-cap{float:left;text-align:center;line-height:1;font-size:50px}.elementor-widget-text-editor .elementor-drop-cap-letter{display:inline-block}<\/style>\t\t\t\t<p><strong>Un contador p\u00fablico titulado puede proporcionar asistencia crucial en la compra o venta de un negocio, asegurando que se tomen decisiones informadas y que las transacciones se realicen de manera eficiente y con el menor riesgo posible.<\/strong><\/p>\t\t\t\t\t\t<\/div>\n\t\t\t\t<\/div>\n\t\t\t\t\t<\/div>\n\t\t\t\t<\/div>\n\t\t<div class=\"elementor-element elementor-element-343a0cf e-flex e-con-boxed e-con e-parent\" data-id=\"343a0cf\" data-element_type=\"container\">\n\t\t\t\t\t<div class=\"e-con-inner\">\n\t\t\t\t<div class=\"elementor-element elementor-element-bbe787f elementor-widget elementor-widget-image\" data-id=\"bbe787f\" data-element_type=\"widget\" data-widget_type=\"image.default\">\n\t\t\t\t<div class=\"elementor-widget-container\">\n\t\t\t<style>\/*! elementor - v3.23.0 - 05-08-2024 *\/\n.elementor-widget-image{text-align:center}.elementor-widget-image a{display:inline-block}.elementor-widget-image a img[src$=\".svg\"]{width:48px}.elementor-widget-image img{vertical-align:middle;display:inline-block}<\/style>\t\t\t\t\t\t\t\t\t\t<img fetchpriority=\"high\" decoding=\"async\" width=\"800\" height=\"496\" src=\"https:\/\/www.vkya.com.uy\/sitio\/wp-content\/uploads\/2024\/07\/compra_venta_negocio.jpg\" class=\"attachment-large size-large wp-image-675\" alt=\"\" srcset=\"https:\/\/www.vkya.com.uy\/sitio\/wp-content\/uploads\/2024\/07\/compra_venta_negocio.jpg 800w, https:\/\/www.vkya.com.uy\/sitio\/wp-content\/uploads\/2024\/07\/compra_venta_negocio-300x186.jpg 300w, https:\/\/www.vkya.com.uy\/sitio\/wp-content\/uploads\/2024\/07\/compra_venta_negocio-768x476.jpg 768w\" sizes=\"(max-width: 800px) 100vw, 800px\" \/>\t\t\t\t\t\t\t\t\t\t\t\t\t<\/div>\n\t\t\t\t<\/div>\n\t\t\t\t<div class=\"elementor-element elementor-element-fc49723 elementor-widget elementor-widget-spacer\" data-id=\"fc49723\" data-element_type=\"widget\" data-widget_type=\"spacer.default\">\n\t\t\t\t<div class=\"elementor-widget-container\">\n\t\t\t<style>\/*! elementor - v3.23.0 - 05-08-2024 *\/\n.elementor-column .elementor-spacer-inner{height:var(--spacer-size)}.e-con{--container-widget-width:100%}.e-con-inner>.elementor-widget-spacer,.e-con>.elementor-widget-spacer{width:var(--container-widget-width,var(--spacer-size));--align-self:var(--container-widget-align-self,initial);--flex-shrink:0}.e-con-inner>.elementor-widget-spacer>.elementor-widget-container,.e-con>.elementor-widget-spacer>.elementor-widget-container{height:100%;width:100%}.e-con-inner>.elementor-widget-spacer>.elementor-widget-container>.elementor-spacer,.e-con>.elementor-widget-spacer>.elementor-widget-container>.elementor-spacer{height:100%}.e-con-inner>.elementor-widget-spacer>.elementor-widget-container>.elementor-spacer>.elementor-spacer-inner,.e-con>.elementor-widget-spacer>.elementor-widget-container>.elementor-spacer>.elementor-spacer-inner{height:var(--container-widget-height,var(--spacer-size))}.e-con-inner>.elementor-widget-spacer.elementor-widget-empty,.e-con>.elementor-widget-spacer.elementor-widget-empty{position:relative;min-height:22px;min-width:22px}.e-con-inner>.elementor-widget-spacer.elementor-widget-empty .elementor-widget-empty-icon,.e-con>.elementor-widget-spacer.elementor-widget-empty .elementor-widget-empty-icon{position:absolute;top:0;bottom:0;left:0;right:0;margin:auto;padding:0;width:22px;height:22px}<\/style>\t\t<div class=\"elementor-spacer\">\n\t\t\t<div class=\"elementor-spacer-inner\"><\/div>\n\t\t<\/div>\n\t\t\t\t<\/div>\n\t\t\t\t<\/div>\n\t\t\t\t<div class=\"elementor-element elementor-element-651f5c2 elementor-widget elementor-widget-text-editor\" data-id=\"651f5c2\" data-element_type=\"widget\" data-widget_type=\"text-editor.default\">\n\t\t\t\t<div class=\"elementor-widget-container\">\n\t\t\t\t\t\t\t<h4><strong>\u00a0Asesor\u00eda en la Compra de un Negocio<\/strong><\/h4>\t\t\t\t\t\t<\/div>\n\t\t\t\t<\/div>\n\t\t\t\t<div class=\"elementor-element elementor-element-f615e99 elementor-widget elementor-widget-text-editor\" data-id=\"f615e99\" data-element_type=\"widget\" data-widget_type=\"text-editor.default\">\n\t\t\t\t<div class=\"elementor-widget-container\">\n\t\t\t\t\t\t\t<ol><li><strong>Evaluaci\u00f3n Financiera y Due Diligence<\/strong><\/li><\/ol><ul><li style=\"list-style-type: none;\"><ul><li style=\"list-style-type: none;\"><ul><li>Revisi\u00f3n de Estados Financieros: Analizar los estados financieros del negocio a comprar para evaluar su salud financiera y detectar posibles problemas.<\/li><li>Auditor\u00eda y Due Diligence: Realizar una auditor\u00eda completa para confirmar la exactitud de la informaci\u00f3n proporcionada y evaluar la situaci\u00f3n fiscal y legal del negocio.<\/li><li>Valoraci\u00f3n del Negocio: Calcular el valor real del negocio utilizando diversas metodolog\u00edas, asegurando que pagues un precio justo.<\/li><\/ul><\/li><\/ul><\/li><\/ul><p>\u00a0<\/p><ol start=\"2\"><li><strong>An\u00e1lisis de Viabilidad<\/strong><\/li><\/ol><ul><li style=\"list-style-type: none;\"><ul><li style=\"list-style-type: none;\"><ul><li>Proyecciones Financieras: Crear proyecciones financieras basadas en la informaci\u00f3n hist\u00f3rica y las expectativas futuras del negocio.<\/li><li>Evaluaci\u00f3n de Riesgos: Identificar riesgos potenciales y desarrollar estrategias de mitigaci\u00f3n.<\/li><\/ul><\/li><\/ul><\/li><\/ul><p>\u00a0<\/p><ol start=\"3\"><li><strong>Estructuraci\u00f3n de la Transacci\u00f3n<\/strong><\/li><\/ol><ul><li style=\"list-style-type: none;\"><ul><li style=\"list-style-type: none;\"><ul><li>Negociaci\u00f3n de T\u00e9rminos: Asesorar en la negociaci\u00f3n de t\u00e9rminos de compra, incluyendo precio, condiciones de pago y posibles contingencias.<\/li><li>Planificaci\u00f3n Fiscal: Estructurar la transacci\u00f3n de manera que se optimicen los beneficios fiscales y se minimicen las obligaciones tributarias.<\/li><\/ul><\/li><\/ul><\/li><\/ul><p>\u00a0<\/p><ol start=\"4\"><li><strong>Financiamiento de la Compra<\/strong><\/li><\/ol><ul><li style=\"list-style-type: none;\"><ul><li style=\"list-style-type: none;\"><ul><li>Opciones de Financiamiento: Asesorar sobre las mejores opciones de financiamiento, ya sea a trav\u00e9s de pr\u00e9stamos, inversiones de capital o una combinaci\u00f3n de ambos.<\/li><li>Preparaci\u00f3n de Documentaci\u00f3n: Ayudar a preparar la documentaci\u00f3n necesaria para obtener financiamiento.<\/li><\/ul><\/li><\/ul><\/li><\/ul>\t\t\t\t\t\t<\/div>\n\t\t\t\t<\/div>\n\t\t\t\t<div class=\"elementor-element elementor-element-5cf6c3e elementor-widget elementor-widget-spacer\" data-id=\"5cf6c3e\" data-element_type=\"widget\" data-widget_type=\"spacer.default\">\n\t\t\t\t<div class=\"elementor-widget-container\">\n\t\t\t\t\t<div class=\"elementor-spacer\">\n\t\t\t<div class=\"elementor-spacer-inner\"><\/div>\n\t\t<\/div>\n\t\t\t\t<\/div>\n\t\t\t\t<\/div>\n\t\t\t\t<div class=\"elementor-element elementor-element-ea4c475 elementor-widget elementor-widget-text-editor\" data-id=\"ea4c475\" data-element_type=\"widget\" data-widget_type=\"text-editor.default\">\n\t\t\t\t<div class=\"elementor-widget-container\">\n\t\t\t\t\t\t\t<h4><strong>\u00a0Asesor\u00eda en la Venta de un Negocio<\/strong><\/h4>\t\t\t\t\t\t<\/div>\n\t\t\t\t<\/div>\n\t\t\t\t<div class=\"elementor-element elementor-element-a75f03b elementor-widget elementor-widget-text-editor\" data-id=\"a75f03b\" data-element_type=\"widget\" data-widget_type=\"text-editor.default\">\n\t\t\t\t<div class=\"elementor-widget-container\">\n\t\t\t\t\t\t\t<ol><li><strong>Preparaci\u00f3n del Negocio para la Venta<\/strong><\/li><\/ol><ul><li style=\"list-style-type: none;\"><ul><li style=\"list-style-type: none;\"><ul><li>Optimizaci\u00f3n de Finanzas: Asegurarse de que los estados financieros del negocio est\u00e9n en orden y sean atractivos para los compradores potenciales.<\/li><li>Identificaci\u00f3n de Fortalezas y Debilidades: Evaluar y mejorar las \u00e1reas del negocio que podr\u00edan aumentar su valor.<\/li><\/ul><\/li><\/ul><\/li><\/ul><p>\u00a0<\/p><ol start=\"2\"><li><strong>Valoraci\u00f3n del Negocio<\/strong><\/li><\/ol><ul><li style=\"list-style-type: none;\"><ul><li style=\"list-style-type: none;\"><ul><li>M\u00e9todos de Valoraci\u00f3n: Determinar el valor del negocio utilizando metodolog\u00edas apropiadas, como el flujo de caja descontado, comparables del mercado, y valor de los activos.<\/li><li>Presentaci\u00f3n de Valor: Crear una presentaci\u00f3n detallada del valor del negocio para atraer a posibles compradores.<\/li><\/ul><\/li><\/ul><\/li><\/ul><p>\u00a0<\/p><ol start=\"3\"><li><strong>Proceso de Venta<\/strong><\/li><\/ol><ul><li style=\"list-style-type: none;\"><ul><li style=\"list-style-type: none;\"><ul><li>Identificaci\u00f3n de Compradores Potenciales: Ayudar a identificar y acercarse a compradores potenciales, ya sean individuos, empresas o inversionistas.<\/li><li>Negociaci\u00f3n de T\u00e9rminos: Asistir en la negociaci\u00f3n de los t\u00e9rminos de la venta, incluyendo precio, condiciones de pago y posibles contingencias.<\/li><\/ul><\/li><\/ul><\/li><\/ul><p>\u00a0<\/p><ol start=\"4\"><li><strong>Aspectos Legales y Fiscales<\/strong><\/li><\/ol><ul><li style=\"list-style-type: none;\"><ul><li style=\"list-style-type: none;\"><ul><li>Planificaci\u00f3n Fiscal: Asesorar sobre c\u00f3mo estructurar la venta para maximizar los beneficios fiscales y minimizar las obligaciones tributarias.<\/li><li>Documentaci\u00f3n Legal: Asegurarse de que toda la documentaci\u00f3n legal est\u00e9 en orden y cumplir con todas las regulaciones pertinentes.<\/li><\/ul><\/li><\/ul><\/li><\/ul><p>\u00a0<\/p><ol start=\"5\"><li><strong>Cierre de la Transacci\u00f3n<\/strong><\/li><\/ol><ul><li style=\"list-style-type: none;\"><ul><li style=\"list-style-type: none;\"><ul><li>Gesti\u00f3n del Cierre: Supervisar el proceso de cierre para asegurarse de que todos los aspectos financieros y legales se completen correctamente.<\/li><li>Transici\u00f3n Suave: Asistir en la planificaci\u00f3n de la transici\u00f3n para que el nuevo propietario pueda tomar control del negocio sin problemas.<\/li><\/ul><\/li><\/ul><\/li><\/ul>\t\t\t\t\t\t<\/div>\n\t\t\t\t<\/div>\n\t\t\t\t<div class=\"elementor-element elementor-element-88afd97 elementor-widget elementor-widget-spacer\" data-id=\"88afd97\" data-element_type=\"widget\" data-widget_type=\"spacer.default\">\n\t\t\t\t<div class=\"elementor-widget-container\">\n\t\t\t\t\t<div class=\"elementor-spacer\">\n\t\t\t<div class=\"elementor-spacer-inner\"><\/div>\n\t\t<\/div>\n\t\t\t\t<\/div>\n\t\t\t\t<\/div>\n\t\t\t\t<div class=\"elementor-element elementor-element-4ad13b4 elementor-widget elementor-widget-text-editor\" data-id=\"4ad13b4\" data-element_type=\"widget\" data-widget_type=\"text-editor.default\">\n\t\t\t\t<div class=\"elementor-widget-container\">\n\t\t\t\t\t\t\t<p><strong>\u00bfPor qu\u00e9 vender? \u00bf Qu\u00e9 aspectos debo tener en cuenta? \u00bfC\u00f3mo es el proceso?<\/strong><\/p>\t\t\t\t\t\t<\/div>\n\t\t\t\t<\/div>\n\t\t\t\t\t<\/div>\n\t\t\t\t<\/div>\n\t\t<div class=\"elementor-element elementor-element-e102f3d e-flex e-con-boxed e-con e-parent\" data-id=\"e102f3d\" data-element_type=\"container\">\n\t\t\t\t\t<div class=\"e-con-inner\">\n\t\t\t\t<div class=\"elementor-element elementor-element-f53c7c7 elementor-widget elementor-widget-button\" data-id=\"f53c7c7\" data-element_type=\"widget\" data-widget_type=\"button.default\">\n\t\t\t\t<div class=\"elementor-widget-container\">\n\t\t\t\t\t<div class=\"elementor-button-wrapper\">\n\t\t\t<a class=\"elementor-button elementor-button-link elementor-size-sm\" href=\"https:\/\/www.vkya.com.uy\/sitio\/wp-content\/uploads\/2018\/05\/Por-que-vender-su-comercio-o-empresa.pdf\" target=\"_blank\">\n\t\t\t\t\t\t<span class=\"elementor-button-content-wrapper\">\n\t\t\t\t\t\t\t\t\t<span class=\"elementor-button-text\">Seguir leyendo<\/span>\n\t\t\t\t\t<\/span>\n\t\t\t\t\t<\/a>\n\t\t<\/div>\n\t\t\t\t<\/div>\n\t\t\t\t<\/div>\n\t\t\t\t\t<\/div>\n\t\t\t\t<\/div>\n\t\t\t\t<\/div>\n\t\t","protected":false},"excerpt":{"rendered":"<p>Compra Venta de un negocio Un contador p\u00fablico titulado puede proporcionar asistencia crucial en la [&hellip;]<\/p>\n","protected":false},"author":3,"featured_media":0,"parent":0,"menu_order":0,"comment_status":"closed","ping_status":"closed","template":"","meta":{"footnotes":""},"_links":{"self":[{"href":"https:\/\/www.vkya.com.uy\/sitio\/wp-json\/wp\/v2\/pages\/670"}],"collection":[{"href":"https:\/\/www.vkya.com.uy\/sitio\/wp-json\/wp\/v2\/pages"}],"about":[{"href":"https:\/\/www.vkya.com.uy\/sitio\/wp-json\/wp\/v2\/types\/page"}],"author":[{"embeddable":true,"href":"https:\/\/www.vkya.com.uy\/sitio\/wp-json\/wp\/v2\/users\/3"}],"replies":[{"embeddable":true,"href":"https:\/\/www.vkya.com.uy\/sitio\/wp-json\/wp\/v2\/comments?post=670"}],"version-history":[{"count":16,"href":"https:\/\/www.vkya.com.uy\/sitio\/wp-json\/wp\/v2\/pages\/670\/revisions"}],"predecessor-version":[{"id":931,"href":"https:\/\/www.vkya.com.uy\/sitio\/wp-json\/wp\/v2\/pages\/670\/revisions\/931"}],"wp:attachment":[{"href":"https:\/\/www.vkya.com.uy\/sitio\/wp-json\/wp\/v2\/media?parent=670"}],"curies":[{"name":"wp","href":"https:\/\/api.w.org\/{rel}","templated":true}]}}