{"id":692,"date":"2024-07-20T14:47:42","date_gmt":"2024-07-20T17:47:42","guid":{"rendered":"https:\/\/www.vkya.com.uy\/sitio\/?page_id=692"},"modified":"2024-08-09T13:23:30","modified_gmt":"2024-08-09T16:23:30","slug":"liquidacion_impuestos","status":"publish","type":"page","link":"https:\/\/www.vkya.com.uy\/sitio\/liquidacion_impuestos\/","title":{"rendered":"Servicio de Liquidaci\u00f3n de Impuestos"},"content":{"rendered":"\t\t<div data-elementor-type=\"wp-page\" data-elementor-id=\"692\" class=\"elementor elementor-692\">\n\t\t\t\t<div class=\"elementor-element elementor-element-a63e77b e-flex e-con-boxed e-con e-parent\" data-id=\"a63e77b\" data-element_type=\"container\">\n\t\t\t\t\t<div class=\"e-con-inner\">\n\t\t\t\t<div class=\"elementor-element elementor-element-0af58e7 elementor-widget elementor-widget-heading\" data-id=\"0af58e7\" data-element_type=\"widget\" data-widget_type=\"heading.default\">\n\t\t\t\t<div class=\"elementor-widget-container\">\n\t\t\t<style>\/*! elementor - v3.23.0 - 05-08-2024 *\/\n.elementor-heading-title{padding:0;margin:0;line-height:1}.elementor-widget-heading .elementor-heading-title[class*=elementor-size-]>a{color:inherit;font-size:inherit;line-height:inherit}.elementor-widget-heading .elementor-heading-title.elementor-size-small{font-size:15px}.elementor-widget-heading .elementor-heading-title.elementor-size-medium{font-size:19px}.elementor-widget-heading .elementor-heading-title.elementor-size-large{font-size:29px}.elementor-widget-heading .elementor-heading-title.elementor-size-xl{font-size:39px}.elementor-widget-heading .elementor-heading-title.elementor-size-xxl{font-size:59px}<\/style><h2 class=\"elementor-heading-title elementor-size-default\">Servicio de Liquidaci\u00f3n de Impuestos a Personas F\u00edsicas<\/h2>\t\t<\/div>\n\t\t\t\t<\/div>\n\t\t\t\t<div class=\"elementor-element elementor-element-ce7e007 elementor-widget elementor-widget-text-editor\" data-id=\"ce7e007\" data-element_type=\"widget\" data-widget_type=\"text-editor.default\">\n\t\t\t\t<div class=\"elementor-widget-container\">\n\t\t\t<style>\/*! elementor - v3.23.0 - 05-08-2024 *\/\n.elementor-widget-text-editor.elementor-drop-cap-view-stacked .elementor-drop-cap{background-color:#69727d;color:#fff}.elementor-widget-text-editor.elementor-drop-cap-view-framed .elementor-drop-cap{color:#69727d;border:3px solid;background-color:transparent}.elementor-widget-text-editor:not(.elementor-drop-cap-view-default) .elementor-drop-cap{margin-top:8px}.elementor-widget-text-editor:not(.elementor-drop-cap-view-default) .elementor-drop-cap-letter{width:1em;height:1em}.elementor-widget-text-editor .elementor-drop-cap{float:left;text-align:center;line-height:1;font-size:50px}.elementor-widget-text-editor .elementor-drop-cap-letter{display:inline-block}<\/style>\t\t\t\t<p><strong>Servicio de Liquidaci\u00f3n de Impuestos y FONASA para Profesionales Universitarios y Servicios Personales en Uruguay.<\/strong><\/p><h3><strong>Descripci\u00f3n del Servicio:<\/strong><\/h3><p>El servicio de liquidaci\u00f3n de impuestos y FONASA para profesionales universitarios y servicios personales en Uruguay est\u00e1 dise\u00f1ado para <strong>asistir a estos trabajadores en el cumplimiento de sus obligaciones fiscales y de seguridad social<\/strong> de manera eficiente y precisa. Este servicio asegura que los profesionales puedan concentrarse en su labor principal, mientras que <strong>un equipo de expertos se encarga de la correcta liquidaci\u00f3n y pago<\/strong> de sus impuestos y aportes al FONASA.<\/p>\t\t\t\t\t\t<\/div>\n\t\t\t\t<\/div>\n\t\t\t\t\t<\/div>\n\t\t\t\t<\/div>\n\t\t<div class=\"elementor-element elementor-element-343a0cf e-flex e-con-boxed e-con e-parent\" data-id=\"343a0cf\" data-element_type=\"container\">\n\t\t\t\t\t<div class=\"e-con-inner\">\n\t\t\t\t<div class=\"elementor-element elementor-element-bbe787f elementor-widget elementor-widget-image\" data-id=\"bbe787f\" data-element_type=\"widget\" data-widget_type=\"image.default\">\n\t\t\t\t<div class=\"elementor-widget-container\">\n\t\t\t<style>\/*! elementor - v3.23.0 - 05-08-2024 *\/\n.elementor-widget-image{text-align:center}.elementor-widget-image a{display:inline-block}.elementor-widget-image a img[src$=\".svg\"]{width:48px}.elementor-widget-image img{vertical-align:middle;display:inline-block}<\/style>\t\t\t\t\t\t\t\t\t\t<img fetchpriority=\"high\" decoding=\"async\" width=\"800\" height=\"435\" src=\"https:\/\/www.vkya.com.uy\/sitio\/wp-content\/uploads\/2024\/07\/liquidacion_impuestos_dgi.jpg\" class=\"attachment-large size-large wp-image-695\" alt=\"\" srcset=\"https:\/\/www.vkya.com.uy\/sitio\/wp-content\/uploads\/2024\/07\/liquidacion_impuestos_dgi.jpg 800w, https:\/\/www.vkya.com.uy\/sitio\/wp-content\/uploads\/2024\/07\/liquidacion_impuestos_dgi-300x163.jpg 300w, https:\/\/www.vkya.com.uy\/sitio\/wp-content\/uploads\/2024\/07\/liquidacion_impuestos_dgi-768x418.jpg 768w\" sizes=\"(max-width: 800px) 100vw, 800px\" \/>\t\t\t\t\t\t\t\t\t\t\t\t\t<\/div>\n\t\t\t\t<\/div>\n\t\t\t\t<div class=\"elementor-element elementor-element-4ccebde elementor-widget-divider--view-line elementor-widget elementor-widget-divider\" data-id=\"4ccebde\" data-element_type=\"widget\" data-widget_type=\"divider.default\">\n\t\t\t\t<div class=\"elementor-widget-container\">\n\t\t\t<style>\/*! elementor - v3.23.0 - 05-08-2024 *\/\n.elementor-widget-divider{--divider-border-style:none;--divider-border-width:1px;--divider-color:#0c0d0e;--divider-icon-size:20px;--divider-element-spacing:10px;--divider-pattern-height:24px;--divider-pattern-size:20px;--divider-pattern-url:none;--divider-pattern-repeat:repeat-x}.elementor-widget-divider .elementor-divider{display:flex}.elementor-widget-divider .elementor-divider__text{font-size:15px;line-height:1;max-width:95%}.elementor-widget-divider .elementor-divider__element{margin:0 var(--divider-element-spacing);flex-shrink:0}.elementor-widget-divider .elementor-icon{font-size:var(--divider-icon-size)}.elementor-widget-divider .elementor-divider-separator{display:flex;margin:0;direction:ltr}.elementor-widget-divider--view-line_icon .elementor-divider-separator,.elementor-widget-divider--view-line_text .elementor-divider-separator{align-items:center}.elementor-widget-divider--view-line_icon .elementor-divider-separator:after,.elementor-widget-divider--view-line_icon .elementor-divider-separator:before,.elementor-widget-divider--view-line_text .elementor-divider-separator:after,.elementor-widget-divider--view-line_text .elementor-divider-separator:before{display:block;content:\"\";border-block-end:0;flex-grow:1;border-block-start:var(--divider-border-width) var(--divider-border-style) var(--divider-color)}.elementor-widget-divider--element-align-left .elementor-divider .elementor-divider-separator>.elementor-divider__svg:first-of-type{flex-grow:0;flex-shrink:100}.elementor-widget-divider--element-align-left .elementor-divider-separator:before{content:none}.elementor-widget-divider--element-align-left .elementor-divider__element{margin-left:0}.elementor-widget-divider--element-align-right .elementor-divider .elementor-divider-separator>.elementor-divider__svg:last-of-type{flex-grow:0;flex-shrink:100}.elementor-widget-divider--element-align-right .elementor-divider-separator:after{content:none}.elementor-widget-divider--element-align-right .elementor-divider__element{margin-right:0}.elementor-widget-divider--element-align-start .elementor-divider .elementor-divider-separator>.elementor-divider__svg:first-of-type{flex-grow:0;flex-shrink:100}.elementor-widget-divider--element-align-start .elementor-divider-separator:before{content:none}.elementor-widget-divider--element-align-start .elementor-divider__element{margin-inline-start:0}.elementor-widget-divider--element-align-end .elementor-divider .elementor-divider-separator>.elementor-divider__svg:last-of-type{flex-grow:0;flex-shrink:100}.elementor-widget-divider--element-align-end .elementor-divider-separator:after{content:none}.elementor-widget-divider--element-align-end .elementor-divider__element{margin-inline-end:0}.elementor-widget-divider:not(.elementor-widget-divider--view-line_text):not(.elementor-widget-divider--view-line_icon) .elementor-divider-separator{border-block-start:var(--divider-border-width) var(--divider-border-style) var(--divider-color)}.elementor-widget-divider--separator-type-pattern{--divider-border-style:none}.elementor-widget-divider--separator-type-pattern.elementor-widget-divider--view-line .elementor-divider-separator,.elementor-widget-divider--separator-type-pattern:not(.elementor-widget-divider--view-line) .elementor-divider-separator:after,.elementor-widget-divider--separator-type-pattern:not(.elementor-widget-divider--view-line) .elementor-divider-separator:before,.elementor-widget-divider--separator-type-pattern:not([class*=elementor-widget-divider--view]) .elementor-divider-separator{width:100%;min-height:var(--divider-pattern-height);-webkit-mask-size:var(--divider-pattern-size) 100%;mask-size:var(--divider-pattern-size) 100%;-webkit-mask-repeat:var(--divider-pattern-repeat);mask-repeat:var(--divider-pattern-repeat);background-color:var(--divider-color);-webkit-mask-image:var(--divider-pattern-url);mask-image:var(--divider-pattern-url)}.elementor-widget-divider--no-spacing{--divider-pattern-size:auto}.elementor-widget-divider--bg-round{--divider-pattern-repeat:round}.rtl .elementor-widget-divider .elementor-divider__text{direction:rtl}.e-con-inner>.elementor-widget-divider,.e-con>.elementor-widget-divider{width:var(--container-widget-width,100%);--flex-grow:var(--container-widget-flex-grow)}<\/style>\t\t<div class=\"elementor-divider\">\n\t\t\t<span class=\"elementor-divider-separator\">\n\t\t\t\t\t\t<\/span>\n\t\t<\/div>\n\t\t\t\t<\/div>\n\t\t\t\t<\/div>\n\t\t\t\t<div class=\"elementor-element elementor-element-f615e99 elementor-widget elementor-widget-text-editor\" data-id=\"f615e99\" data-element_type=\"widget\" data-widget_type=\"text-editor.default\">\n\t\t\t\t<div class=\"elementor-widget-container\">\n\t\t\t\t\t\t\t<h4>Beneficios del Servicio:<\/h4><p>\u00a0<\/p><ol><li><strong> Cumplimiento Legal y Normativo:<\/strong><\/li><\/ol><ul><li style=\"list-style-type: none;\"><ul><li style=\"list-style-type: none;\"><ul><li>Garantizar el cumplimiento con las normativas fiscales y de seguridad social vigentes en Uruguay, incluyendo las leyes tributarias y las regulaciones del BPS (Banco de Previsi\u00f3n Social) y DGI (Direcci\u00f3n General Impositiva).<\/li><li>Mantenerse actualizado con las regulaciones y cambios legislativos que afectan la liquidaci\u00f3n de impuestos y contribuciones a FONASA.<\/li><\/ul><\/li><\/ul><\/li><\/ul><p>\u00a0<\/p><ol start=\"2\"><li><strong> C\u00e1lculo Preciso de Impuestos:<\/strong><\/li><\/ol><ul><li style=\"list-style-type: none;\"><ul><li style=\"list-style-type: none;\"><ul><li>Calcular con precisi\u00f3n los impuestos a pagar, incluyendo el IRPF (Impuesto a la Renta de las Personas F\u00edsicas), IVA (Impuesto al Valor Agregado), y otros tributos aplicables.<\/li><li>Determinar las deducciones y cr\u00e9ditos fiscales que correspondan, optimizando la carga tributaria.<\/li><\/ul><\/li><\/ul><\/li><\/ul><p>\u00a0<\/p><ol start=\"3\"><li><strong> Gesti\u00f3n de Aportes a FONASA:<\/strong><\/li><\/ol><ul><li style=\"list-style-type: none;\"><ul><li style=\"list-style-type: none;\"><ul><li>Calcular y gestionar los aportes correspondientes al FONASA (Fondo Nacional de Salud) para asegurar la cobertura de salud adecuada.<\/li><li>Asistir en la presentaci\u00f3n y pago de las contribuciones mensuales al BPS y FONASA.<\/li><\/ul><\/li><\/ul><\/li><\/ul><p>\u00a0<\/p><ol start=\"4\"><li><strong> Emisi\u00f3n de Comprobantes y Documentaci\u00f3n:<\/strong><\/li><\/ol><ul><li style=\"list-style-type: none;\"><ul><li style=\"list-style-type: none;\"><ul><li>Generar comprobantes de pago, recibos y dem\u00e1s documentaci\u00f3n necesaria para el cumplimiento de las obligaciones fiscales y de seguridad social.<\/li><li>Proveer reportes detallados y conformes con las normativas vigentes.<\/li><\/ul><\/li><\/ul><\/li><\/ul><p>\u00a0<\/p><ol start=\"5\"><li><strong> Asesoramiento Fiscal Continuo:<\/strong><\/li><\/ol><ul><li style=\"list-style-type: none;\"><ul><li style=\"list-style-type: none;\"><ul><li>Brindar asesor\u00eda fiscal continua para optimizar la planificaci\u00f3n y gesti\u00f3n tributaria.<\/li><li>Asistir en la resoluci\u00f3n de consultas y problemas relacionados con la liquidaci\u00f3n de impuestos y aportes al FONASA.<\/li><\/ul><\/li><\/ul><\/li><\/ul>\t\t\t\t\t\t<\/div>\n\t\t\t\t<\/div>\n\t\t\t\t<div class=\"elementor-element elementor-element-86940d9 elementor-widget elementor-widget-spacer\" data-id=\"86940d9\" data-element_type=\"widget\" data-widget_type=\"spacer.default\">\n\t\t\t\t<div class=\"elementor-widget-container\">\n\t\t\t<style>\/*! elementor - v3.23.0 - 05-08-2024 *\/\n.elementor-column .elementor-spacer-inner{height:var(--spacer-size)}.e-con{--container-widget-width:100%}.e-con-inner>.elementor-widget-spacer,.e-con>.elementor-widget-spacer{width:var(--container-widget-width,var(--spacer-size));--align-self:var(--container-widget-align-self,initial);--flex-shrink:0}.e-con-inner>.elementor-widget-spacer>.elementor-widget-container,.e-con>.elementor-widget-spacer>.elementor-widget-container{height:100%;width:100%}.e-con-inner>.elementor-widget-spacer>.elementor-widget-container>.elementor-spacer,.e-con>.elementor-widget-spacer>.elementor-widget-container>.elementor-spacer{height:100%}.e-con-inner>.elementor-widget-spacer>.elementor-widget-container>.elementor-spacer>.elementor-spacer-inner,.e-con>.elementor-widget-spacer>.elementor-widget-container>.elementor-spacer>.elementor-spacer-inner{height:var(--container-widget-height,var(--spacer-size))}.e-con-inner>.elementor-widget-spacer.elementor-widget-empty,.e-con>.elementor-widget-spacer.elementor-widget-empty{position:relative;min-height:22px;min-width:22px}.e-con-inner>.elementor-widget-spacer.elementor-widget-empty .elementor-widget-empty-icon,.e-con>.elementor-widget-spacer.elementor-widget-empty .elementor-widget-empty-icon{position:absolute;top:0;bottom:0;left:0;right:0;margin:auto;padding:0;width:22px;height:22px}<\/style>\t\t<div class=\"elementor-spacer\">\n\t\t\t<div class=\"elementor-spacer-inner\"><\/div>\n\t\t<\/div>\n\t\t\t\t<\/div>\n\t\t\t\t<\/div>\n\t\t\t\t<div class=\"elementor-element elementor-element-e324b00 elementor-widget elementor-widget-text-editor\" data-id=\"e324b00\" data-element_type=\"widget\" data-widget_type=\"text-editor.default\">\n\t\t\t\t<div class=\"elementor-widget-container\">\n\t\t\t\t\t\t\t<h4>Proceso del Servicio:<\/h4><p>\u00a0<\/p><ol><li><strong>Recopilaci\u00f3n de Informaci\u00f3n:<\/strong><\/li><\/ol><ul><li style=\"list-style-type: none;\"><ul><li style=\"list-style-type: none;\"><ul><li>Reunir datos relevantes sobre la actividad profesional del cliente, incluyendo ingresos, gastos, y deducciones.<\/li><li>Revisi\u00f3n y actualizaci\u00f3n de los registros fiscales y de seguridad social.<\/li><\/ul><\/li><\/ul><\/li><\/ul><p>\u00a0<\/p><ol start=\"2\"><li><strong>C\u00e1lculo de Liquidaciones:<\/strong><\/li><\/ol><ul><li style=\"list-style-type: none;\"><ul><li style=\"list-style-type: none;\"><ul><li>Utilizar software especializado y conocimientos actualizados para calcular los impuestos y aportes a FONASA de acuerdo con la legislaci\u00f3n vigente.<\/li><li>Realizar los c\u00e1lculos necesarios para las deducciones y cr\u00e9ditos fiscales aplicables.<\/li><\/ul><\/li><\/ul><\/li><\/ul><p>\u00a0<\/p><ol start=\"3\"><li><strong>Emisi\u00f3n de Documentaci\u00f3n:<\/strong><\/li><\/ol><ul><li style=\"list-style-type: none;\"><ul><li style=\"list-style-type: none;\"><ul><li>Generar y entregar comprobantes de pago de impuestos y aportes a FONASA.<\/li><li>Preparar y presentar los reportes y pagos a la DGI, BPS y otras entidades relevantes.<\/li><\/ul><\/li><\/ul><\/li><\/ul><p>\u00a0<\/p><ol start=\"4\"><li><strong>Monitoreo y Actualizaci\u00f3n:<\/strong><\/li><\/ol><ul><li style=\"list-style-type: none;\"><ul><li style=\"list-style-type: none;\"><ul><li>Mantener registros detallados de las liquidaciones de impuestos y aportes realizados.<\/li><li>Actualizar la informaci\u00f3n y los c\u00e1lculos conforme a cambios en la legislaci\u00f3n fiscal y de seguridad social.<\/li><\/ul><\/li><\/ul><\/li><\/ul><p>\u00a0<\/p><ol start=\"5\"><li><strong>Asesoramiento y Soporte:<\/strong><\/li><\/ol><ul><li style=\"list-style-type: none;\"><ul><li style=\"list-style-type: none;\"><ul><li>Ofrecer soporte continuo para resolver cualquier duda o problema relacionado con la liquidaci\u00f3n de impuestos y aportes a FONASA.<\/li><li>Proporcionar informaci\u00f3n y asesor\u00eda sobre nuevas regulaciones o cambios en las leyes fiscales y de seguridad social.<\/li><\/ul><\/li><\/ul><\/li><\/ul>\t\t\t\t\t\t<\/div>\n\t\t\t\t<\/div>\n\t\t\t\t<div class=\"elementor-element elementor-element-8246889 elementor-widget-divider--view-line elementor-widget elementor-widget-divider\" data-id=\"8246889\" data-element_type=\"widget\" data-widget_type=\"divider.default\">\n\t\t\t\t<div class=\"elementor-widget-container\">\n\t\t\t\t\t<div class=\"elementor-divider\">\n\t\t\t<span class=\"elementor-divider-separator\">\n\t\t\t\t\t\t<\/span>\n\t\t<\/div>\n\t\t\t\t<\/div>\n\t\t\t\t<\/div>\n\t\t\t\t<div class=\"elementor-element elementor-element-d71f918 elementor-widget-divider--view-line elementor-widget elementor-widget-divider\" data-id=\"d71f918\" data-element_type=\"widget\" data-widget_type=\"divider.default\">\n\t\t\t\t<div class=\"elementor-widget-container\">\n\t\t\t\t\t<div class=\"elementor-divider\">\n\t\t\t<span class=\"elementor-divider-separator\">\n\t\t\t\t\t\t<\/span>\n\t\t<\/div>\n\t\t\t\t<\/div>\n\t\t\t\t<\/div>\n\t\t\t\t\t<\/div>\n\t\t\t\t<\/div>\n\t\t<div class=\"elementor-element elementor-element-2828203 e-grid e-con-boxed e-con e-parent\" data-id=\"2828203\" data-element_type=\"container\">\n\t\t\t\t\t<div class=\"e-con-inner\">\n\t\t\t\t<div class=\"elementor-element elementor-element-4e99465 elementor-widget elementor-widget-image\" data-id=\"4e99465\" data-element_type=\"widget\" data-widget_type=\"image.default\">\n\t\t\t\t<div class=\"elementor-widget-container\">\n\t\t\t\t\t\t\t\t\t\t\t\t\t<img decoding=\"async\" width=\"350\" height=\"376\" src=\"https:\/\/www.vkya.com.uy\/sitio\/wp-content\/uploads\/2024\/07\/liquidacion_impuestos_conclucion.jpg\" class=\"attachment-large size-large wp-image-696\" alt=\"\" srcset=\"https:\/\/www.vkya.com.uy\/sitio\/wp-content\/uploads\/2024\/07\/liquidacion_impuestos_conclucion.jpg 350w, https:\/\/www.vkya.com.uy\/sitio\/wp-content\/uploads\/2024\/07\/liquidacion_impuestos_conclucion-279x300.jpg 279w\" sizes=\"(max-width: 350px) 100vw, 350px\" \/>\t\t\t\t\t\t\t\t\t\t\t\t\t<\/div>\n\t\t\t\t<\/div>\n\t\t\t\t<div class=\"elementor-element elementor-element-fab532b elementor-widget elementor-widget-text-editor\" data-id=\"fab532b\" data-element_type=\"widget\" data-widget_type=\"text-editor.default\">\n\t\t\t\t<div class=\"elementor-widget-container\">\n\t\t\t\t\t\t\t<p><strong>El servicio de liquidaci\u00f3n de impuestos y FONASA para profesionales universitarios y servicios personales en Uruguay es <span style=\"text-decoration: underline;\">esencial para aquellos que desean asegurar el cumplimiento legal y la precisi\u00f3n en sus pagos fiscales y de seguridad social<\/span>. Este servicio no solo garantiza que los impuestos y aportes a FONASA sean calculados y pagados correctamente, sino que tambi\u00e9n libera a los profesionales de la complejidad de manejar estas obligaciones, permiti\u00e9ndoles centrarse en su labor principal con tranquilidad.<\/strong><\/p>\t\t\t\t\t\t<\/div>\n\t\t\t\t<\/div>\n\t\t\t\t\t<\/div>\n\t\t\t\t<\/div>\n\t\t\t\t<\/div>\n\t\t","protected":false},"excerpt":{"rendered":"<p>Servicio de Liquidaci\u00f3n de Impuestos a Personas F\u00edsicas Servicio de Liquidaci\u00f3n de Impuestos y FONASA [&hellip;]<\/p>\n","protected":false},"author":3,"featured_media":0,"parent":0,"menu_order":0,"comment_status":"closed","ping_status":"closed","template":"","meta":{"footnotes":""},"_links":{"self":[{"href":"https:\/\/www.vkya.com.uy\/sitio\/wp-json\/wp\/v2\/pages\/692"}],"collection":[{"href":"https:\/\/www.vkya.com.uy\/sitio\/wp-json\/wp\/v2\/pages"}],"about":[{"href":"https:\/\/www.vkya.com.uy\/sitio\/wp-json\/wp\/v2\/types\/page"}],"author":[{"embeddable":true,"href":"https:\/\/www.vkya.com.uy\/sitio\/wp-json\/wp\/v2\/users\/3"}],"replies":[{"embeddable":true,"href":"https:\/\/www.vkya.com.uy\/sitio\/wp-json\/wp\/v2\/comments?post=692"}],"version-history":[{"count":8,"href":"https:\/\/www.vkya.com.uy\/sitio\/wp-json\/wp\/v2\/pages\/692\/revisions"}],"predecessor-version":[{"id":945,"href":"https:\/\/www.vkya.com.uy\/sitio\/wp-json\/wp\/v2\/pages\/692\/revisions\/945"}],"wp:attachment":[{"href":"https:\/\/www.vkya.com.uy\/sitio\/wp-json\/wp\/v2\/media?parent=692"}],"curies":[{"name":"wp","href":"https:\/\/api.w.org\/{rel}","templated":true}]}}