{"id":702,"date":"2024-07-20T15:21:29","date_gmt":"2024-07-20T18:21:29","guid":{"rendered":"https:\/\/www.vkya.com.uy\/sitio\/?page_id=702"},"modified":"2024-07-20T15:32:21","modified_gmt":"2024-07-20T18:32:21","slug":"liquidacion_patrimonio_irpf","status":"publish","type":"page","link":"https:\/\/www.vkya.com.uy\/sitio\/liquidacion_patrimonio_irpf\/","title":{"rendered":"Liquidaci\u00f3n de Impuesto al Patrimonio e IRPF"},"content":{"rendered":"\t\t<div data-elementor-type=\"wp-page\" data-elementor-id=\"702\" class=\"elementor elementor-702\">\n\t\t\t\t<div class=\"elementor-element elementor-element-a63e77b e-flex e-con-boxed e-con e-parent\" data-id=\"a63e77b\" data-element_type=\"container\">\n\t\t\t\t\t<div class=\"e-con-inner\">\n\t\t\t\t<div class=\"elementor-element elementor-element-0af58e7 elementor-widget elementor-widget-heading\" data-id=\"0af58e7\" data-element_type=\"widget\" data-widget_type=\"heading.default\">\n\t\t\t\t<div class=\"elementor-widget-container\">\n\t\t\t<style>\/*! elementor - v3.23.0 - 05-08-2024 *\/\n.elementor-heading-title{padding:0;margin:0;line-height:1}.elementor-widget-heading .elementor-heading-title[class*=elementor-size-]>a{color:inherit;font-size:inherit;line-height:inherit}.elementor-widget-heading .elementor-heading-title.elementor-size-small{font-size:15px}.elementor-widget-heading .elementor-heading-title.elementor-size-medium{font-size:19px}.elementor-widget-heading .elementor-heading-title.elementor-size-large{font-size:29px}.elementor-widget-heading .elementor-heading-title.elementor-size-xl{font-size:39px}.elementor-widget-heading .elementor-heading-title.elementor-size-xxl{font-size:59px}<\/style><h2 class=\"elementor-heading-title elementor-size-default\">Liquidaci\u00f3n de Impuesto al Patrimonio e IRPF.<\/h2>\t\t<\/div>\n\t\t\t\t<\/div>\n\t\t\t\t<div class=\"elementor-element elementor-element-ce7e007 elementor-widget elementor-widget-text-editor\" data-id=\"ce7e007\" data-element_type=\"widget\" data-widget_type=\"text-editor.default\">\n\t\t\t\t<div class=\"elementor-widget-container\">\n\t\t\t<style>\/*! elementor - v3.23.0 - 05-08-2024 *\/\n.elementor-widget-text-editor.elementor-drop-cap-view-stacked .elementor-drop-cap{background-color:#69727d;color:#fff}.elementor-widget-text-editor.elementor-drop-cap-view-framed .elementor-drop-cap{color:#69727d;border:3px solid;background-color:transparent}.elementor-widget-text-editor:not(.elementor-drop-cap-view-default) .elementor-drop-cap{margin-top:8px}.elementor-widget-text-editor:not(.elementor-drop-cap-view-default) .elementor-drop-cap-letter{width:1em;height:1em}.elementor-widget-text-editor .elementor-drop-cap{float:left;text-align:center;line-height:1;font-size:50px}.elementor-widget-text-editor .elementor-drop-cap-letter{display:inline-block}<\/style>\t\t\t\t<p><strong>Servicio de Liquidaci\u00f3n de Impuestos a la Renta y Patrimonio para Personas F\u00edsicas en Uruguay.<\/strong><\/p><h4>Descripci\u00f3n del Servicio:<\/h4><p>El servicio de liquidaci\u00f3n de impuestos a la renta y patrimonio para personas f\u00edsicas en Uruguay est\u00e1 dise\u00f1ado para <strong>ayudar a los contribuyentes a cumplir con sus obligaciones fiscales<\/strong> de manera precisa y eficiente. Este servicio asegura que los <strong>impuestos sean calculados correctamente<\/strong> y que todas las <strong>normativas legales sean cumplidas, minimizando riesgos<\/strong> de multas y sanciones.<\/p>\t\t\t\t\t\t<\/div>\n\t\t\t\t<\/div>\n\t\t\t\t\t<\/div>\n\t\t\t\t<\/div>\n\t\t<div class=\"elementor-element elementor-element-343a0cf e-flex e-con-boxed e-con e-parent\" data-id=\"343a0cf\" data-element_type=\"container\">\n\t\t\t\t\t<div class=\"e-con-inner\">\n\t\t\t\t<div class=\"elementor-element elementor-element-bbe787f elementor-widget elementor-widget-image\" data-id=\"bbe787f\" data-element_type=\"widget\" data-widget_type=\"image.default\">\n\t\t\t\t<div class=\"elementor-widget-container\">\n\t\t\t<style>\/*! elementor - v3.23.0 - 05-08-2024 *\/\n.elementor-widget-image{text-align:center}.elementor-widget-image a{display:inline-block}.elementor-widget-image a img[src$=\".svg\"]{width:48px}.elementor-widget-image img{vertical-align:middle;display:inline-block}<\/style>\t\t\t\t\t\t\t\t\t\t<img fetchpriority=\"high\" decoding=\"async\" width=\"800\" height=\"435\" src=\"https:\/\/www.vkya.com.uy\/sitio\/wp-content\/uploads\/2024\/07\/liquidacion_irpf.jpg\" class=\"attachment-large size-large wp-image-704\" alt=\"\" srcset=\"https:\/\/www.vkya.com.uy\/sitio\/wp-content\/uploads\/2024\/07\/liquidacion_irpf.jpg 800w, https:\/\/www.vkya.com.uy\/sitio\/wp-content\/uploads\/2024\/07\/liquidacion_irpf-300x163.jpg 300w, https:\/\/www.vkya.com.uy\/sitio\/wp-content\/uploads\/2024\/07\/liquidacion_irpf-768x418.jpg 768w\" sizes=\"(max-width: 800px) 100vw, 800px\" \/>\t\t\t\t\t\t\t\t\t\t\t\t\t<\/div>\n\t\t\t\t<\/div>\n\t\t\t\t<div class=\"elementor-element elementor-element-f615e99 elementor-widget elementor-widget-text-editor\" data-id=\"f615e99\" data-element_type=\"widget\" data-widget_type=\"text-editor.default\">\n\t\t\t\t<div class=\"elementor-widget-container\">\n\t\t\t\t\t\t\t<h4>Beneficios del Servicio:<\/h4><p>\u00a0<\/p><ol><li><strong>Cumplimiento Legal y Normativo:<\/strong><\/li><\/ol><ul><li style=\"list-style-type: none;\"><ul><li style=\"list-style-type: none;\"><ul><li>Asegurar el cumplimiento con las leyes fiscales vigentes en Uruguay, incluyendo las normativas de la Direcci\u00f3n General Impositiva (DGI).<\/li><li>Mantenerse actualizado con las regulaciones y cambios legislativos que afectan la liquidaci\u00f3n de impuestos a la renta y patrimonio.<\/li><\/ul><\/li><\/ul><\/li><\/ul><p>\u00a0<\/p><ol start=\"2\"><li><strong>C\u00e1lculo Preciso de Impuestos:<\/strong><\/li><\/ol><ul><li style=\"list-style-type: none;\"><ul><li style=\"list-style-type: none;\"><ul><li>Calcular con precisi\u00f3n el Impuesto a la Renta de las Personas F\u00edsicas (IRPF) y el Impuesto al Patrimonio, considerando todos los ingresos, deducciones y exenciones aplicables.<\/li><li>Optimizar la carga fiscal mediante la identificaci\u00f3n de deducciones y cr\u00e9ditos fiscales.<\/li><\/ul><\/li><\/ul><\/li><\/ul><p>\u00a0<\/p><ol start=\"3\"><li><strong>Gesti\u00f3n Integral de Declaraciones:<\/strong><\/li><\/ol><ul><li style=\"list-style-type: none;\"><ul><li style=\"list-style-type: none;\"><ul><li>Preparar y presentar las declaraciones anuales de IRPF y del Impuesto al Patrimonio, asegurando que toda la informaci\u00f3n est\u00e9 completa y correcta.<\/li><li>Gestionar los pagos de impuestos y programar pagos fraccionados si es necesario.<\/li><\/ul><\/li><\/ul><\/li><\/ul><p>\u00a0<\/p><ol start=\"4\"><li><strong>Emisi\u00f3n de Documentaci\u00f3n:<\/strong><\/li><\/ol><ul><li style=\"list-style-type: none;\"><ul><li style=\"list-style-type: none;\"><ul><li>Generar recibos de pago, comprobantes y dem\u00e1s documentaci\u00f3n necesaria para el cumplimiento de las obligaciones fiscales.<\/li><li>Proveer reportes detallados que resuman la situaci\u00f3n fiscal del contribuyente.<\/li><\/ul><\/li><\/ul><\/li><\/ul><p>\u00a0<\/p><ol start=\"5\"><li><strong>Asesoramiento Fiscal Continuo:<\/strong><\/li><\/ol><ul><li style=\"list-style-type: none;\"><ul><li style=\"list-style-type: none;\"><ul><li>Brindar asesor\u00eda fiscal continua para optimizar la planificaci\u00f3n y gesti\u00f3n tributaria, y para resolver cualquier consulta relacionada con impuestos a la renta y patrimonio.<\/li><li>Proveer orientaci\u00f3n sobre c\u00f3mo las decisiones financieras pueden afectar las obligaciones fiscales.<\/li><\/ul><\/li><\/ul><\/li><\/ul>\t\t\t\t\t\t<\/div>\n\t\t\t\t<\/div>\n\t\t\t\t<div class=\"elementor-element elementor-element-86940d9 elementor-widget elementor-widget-spacer\" data-id=\"86940d9\" data-element_type=\"widget\" data-widget_type=\"spacer.default\">\n\t\t\t\t<div class=\"elementor-widget-container\">\n\t\t\t<style>\/*! elementor - v3.23.0 - 05-08-2024 *\/\n.elementor-column .elementor-spacer-inner{height:var(--spacer-size)}.e-con{--container-widget-width:100%}.e-con-inner>.elementor-widget-spacer,.e-con>.elementor-widget-spacer{width:var(--container-widget-width,var(--spacer-size));--align-self:var(--container-widget-align-self,initial);--flex-shrink:0}.e-con-inner>.elementor-widget-spacer>.elementor-widget-container,.e-con>.elementor-widget-spacer>.elementor-widget-container{height:100%;width:100%}.e-con-inner>.elementor-widget-spacer>.elementor-widget-container>.elementor-spacer,.e-con>.elementor-widget-spacer>.elementor-widget-container>.elementor-spacer{height:100%}.e-con-inner>.elementor-widget-spacer>.elementor-widget-container>.elementor-spacer>.elementor-spacer-inner,.e-con>.elementor-widget-spacer>.elementor-widget-container>.elementor-spacer>.elementor-spacer-inner{height:var(--container-widget-height,var(--spacer-size))}.e-con-inner>.elementor-widget-spacer.elementor-widget-empty,.e-con>.elementor-widget-spacer.elementor-widget-empty{position:relative;min-height:22px;min-width:22px}.e-con-inner>.elementor-widget-spacer.elementor-widget-empty .elementor-widget-empty-icon,.e-con>.elementor-widget-spacer.elementor-widget-empty .elementor-widget-empty-icon{position:absolute;top:0;bottom:0;left:0;right:0;margin:auto;padding:0;width:22px;height:22px}<\/style>\t\t<div class=\"elementor-spacer\">\n\t\t\t<div class=\"elementor-spacer-inner\"><\/div>\n\t\t<\/div>\n\t\t\t\t<\/div>\n\t\t\t\t<\/div>\n\t\t\t\t<div class=\"elementor-element elementor-element-e324b00 elementor-widget elementor-widget-text-editor\" data-id=\"e324b00\" data-element_type=\"widget\" data-widget_type=\"text-editor.default\">\n\t\t\t\t<div class=\"elementor-widget-container\">\n\t\t\t\t\t\t\t<h4>Proceso del Servicio:<\/h4><p>\u00a0<\/p><ol><li><strong>Recopilaci\u00f3n de Informaci\u00f3n:<\/strong><\/li><\/ol><ul><li style=\"list-style-type: none;\"><ul><li style=\"list-style-type: none;\"><ul><li>Reunir datos relevantes sobre los ingresos, bienes, y gastos del contribuyente, incluyendo salarios, rentas, inversiones, y propiedades.<\/li><li>Revisar y actualizar los registros fiscales y patrimoniales del contribuyente.<\/li><\/ul><\/li><\/ul><\/li><\/ul><p>\u00a0<\/p><ol start=\"2\"><li><strong>C\u00e1lculo de Liquidaciones:<\/strong><\/li><\/ol><ul><li style=\"list-style-type: none;\"><ul><li style=\"list-style-type: none;\"><ul><li>Utilizar software especializado y conocimientos actualizados para calcular los impuestos a la renta y patrimonio de acuerdo con la legislaci\u00f3n vigente.<\/li><li>Realizar los c\u00e1lculos necesarios para las deducciones, exenciones y cr\u00e9ditos fiscales aplicables.<\/li><\/ul><\/li><\/ul><\/li><\/ul><p>\u00a0<\/p><ol start=\"3\"><li><strong>Emisi\u00f3n de Documentaci\u00f3n:<\/strong><\/li><\/ol><ul><li style=\"list-style-type: none;\"><ul><li style=\"list-style-type: none;\"><ul><li>Generar y entregar recibos de pago y comprobantes necesarios.<\/li><li>Preparar y presentar las declaraciones de IRPF y del Impuesto al Patrimonio ante la DGI.<\/li><\/ul><\/li><\/ul><\/li><\/ul><p>\u00a0<\/p><ol start=\"4\"><li><strong>Monitoreo y Actualizaci\u00f3n:<\/strong><\/li><\/ol><ul><li style=\"list-style-type: none;\"><ul><li style=\"list-style-type: none;\"><ul><li>Mantener registros detallados de las liquidaciones de impuestos realizadas y de los pagos efectuados.<\/li><li>Actualizar la informaci\u00f3n y los c\u00e1lculos conforme a cambios en la legislaci\u00f3n fiscal o en la situaci\u00f3n financiera del contribuyente.<\/li><\/ul><\/li><\/ul><\/li><\/ul><p>\u00a0<\/p><ol start=\"5\"><li><strong>Asesoramiento y Soporte:<\/strong><\/li><\/ol><ul><li style=\"list-style-type: none;\"><ul><li style=\"list-style-type: none;\"><ul><li>Ofrecer soporte continuo para resolver cualquier duda o problema relacionado con la liquidaci\u00f3n de impuestos a la renta y patrimonio.<\/li><li>Proporcionar informaci\u00f3n y asesor\u00eda sobre nuevas regulaciones o cambios en las leyes fiscales.<\/li><\/ul><\/li><\/ul><\/li><\/ul>\t\t\t\t\t\t<\/div>\n\t\t\t\t<\/div>\n\t\t\t\t<div class=\"elementor-element elementor-element-b15fa9e elementor-widget elementor-widget-spacer\" data-id=\"b15fa9e\" data-element_type=\"widget\" data-widget_type=\"spacer.default\">\n\t\t\t\t<div class=\"elementor-widget-container\">\n\t\t\t\t\t<div class=\"elementor-spacer\">\n\t\t\t<div class=\"elementor-spacer-inner\"><\/div>\n\t\t<\/div>\n\t\t\t\t<\/div>\n\t\t\t\t<\/div>\n\t\t\t\t<div class=\"elementor-element elementor-element-d71f918 elementor-widget-divider--view-line elementor-widget elementor-widget-divider\" data-id=\"d71f918\" data-element_type=\"widget\" data-widget_type=\"divider.default\">\n\t\t\t\t<div class=\"elementor-widget-container\">\n\t\t\t<style>\/*! elementor - v3.23.0 - 05-08-2024 *\/\n.elementor-widget-divider{--divider-border-style:none;--divider-border-width:1px;--divider-color:#0c0d0e;--divider-icon-size:20px;--divider-element-spacing:10px;--divider-pattern-height:24px;--divider-pattern-size:20px;--divider-pattern-url:none;--divider-pattern-repeat:repeat-x}.elementor-widget-divider .elementor-divider{display:flex}.elementor-widget-divider .elementor-divider__text{font-size:15px;line-height:1;max-width:95%}.elementor-widget-divider .elementor-divider__element{margin:0 var(--divider-element-spacing);flex-shrink:0}.elementor-widget-divider .elementor-icon{font-size:var(--divider-icon-size)}.elementor-widget-divider .elementor-divider-separator{display:flex;margin:0;direction:ltr}.elementor-widget-divider--view-line_icon .elementor-divider-separator,.elementor-widget-divider--view-line_text .elementor-divider-separator{align-items:center}.elementor-widget-divider--view-line_icon .elementor-divider-separator:after,.elementor-widget-divider--view-line_icon .elementor-divider-separator:before,.elementor-widget-divider--view-line_text .elementor-divider-separator:after,.elementor-widget-divider--view-line_text .elementor-divider-separator:before{display:block;content:\"\";border-block-end:0;flex-grow:1;border-block-start:var(--divider-border-width) var(--divider-border-style) var(--divider-color)}.elementor-widget-divider--element-align-left .elementor-divider .elementor-divider-separator>.elementor-divider__svg:first-of-type{flex-grow:0;flex-shrink:100}.elementor-widget-divider--element-align-left .elementor-divider-separator:before{content:none}.elementor-widget-divider--element-align-left .elementor-divider__element{margin-left:0}.elementor-widget-divider--element-align-right .elementor-divider .elementor-divider-separator>.elementor-divider__svg:last-of-type{flex-grow:0;flex-shrink:100}.elementor-widget-divider--element-align-right .elementor-divider-separator:after{content:none}.elementor-widget-divider--element-align-right .elementor-divider__element{margin-right:0}.elementor-widget-divider--element-align-start .elementor-divider .elementor-divider-separator>.elementor-divider__svg:first-of-type{flex-grow:0;flex-shrink:100}.elementor-widget-divider--element-align-start .elementor-divider-separator:before{content:none}.elementor-widget-divider--element-align-start .elementor-divider__element{margin-inline-start:0}.elementor-widget-divider--element-align-end .elementor-divider .elementor-divider-separator>.elementor-divider__svg:last-of-type{flex-grow:0;flex-shrink:100}.elementor-widget-divider--element-align-end .elementor-divider-separator:after{content:none}.elementor-widget-divider--element-align-end .elementor-divider__element{margin-inline-end:0}.elementor-widget-divider:not(.elementor-widget-divider--view-line_text):not(.elementor-widget-divider--view-line_icon) .elementor-divider-separator{border-block-start:var(--divider-border-width) var(--divider-border-style) var(--divider-color)}.elementor-widget-divider--separator-type-pattern{--divider-border-style:none}.elementor-widget-divider--separator-type-pattern.elementor-widget-divider--view-line .elementor-divider-separator,.elementor-widget-divider--separator-type-pattern:not(.elementor-widget-divider--view-line) .elementor-divider-separator:after,.elementor-widget-divider--separator-type-pattern:not(.elementor-widget-divider--view-line) .elementor-divider-separator:before,.elementor-widget-divider--separator-type-pattern:not([class*=elementor-widget-divider--view]) .elementor-divider-separator{width:100%;min-height:var(--divider-pattern-height);-webkit-mask-size:var(--divider-pattern-size) 100%;mask-size:var(--divider-pattern-size) 100%;-webkit-mask-repeat:var(--divider-pattern-repeat);mask-repeat:var(--divider-pattern-repeat);background-color:var(--divider-color);-webkit-mask-image:var(--divider-pattern-url);mask-image:var(--divider-pattern-url)}.elementor-widget-divider--no-spacing{--divider-pattern-size:auto}.elementor-widget-divider--bg-round{--divider-pattern-repeat:round}.rtl .elementor-widget-divider .elementor-divider__text{direction:rtl}.e-con-inner>.elementor-widget-divider,.e-con>.elementor-widget-divider{width:var(--container-widget-width,100%);--flex-grow:var(--container-widget-flex-grow)}<\/style>\t\t<div class=\"elementor-divider\">\n\t\t\t<span class=\"elementor-divider-separator\">\n\t\t\t\t\t\t<\/span>\n\t\t<\/div>\n\t\t\t\t<\/div>\n\t\t\t\t<\/div>\n\t\t\t\t\t<\/div>\n\t\t\t\t<\/div>\n\t\t<div class=\"elementor-element elementor-element-2828203 e-grid e-con-boxed e-con e-parent\" data-id=\"2828203\" data-element_type=\"container\">\n\t\t\t\t\t<div class=\"e-con-inner\">\n\t\t\t\t<div class=\"elementor-element elementor-element-4e99465 elementor-widget elementor-widget-image\" data-id=\"4e99465\" data-element_type=\"widget\" data-widget_type=\"image.default\">\n\t\t\t\t<div class=\"elementor-widget-container\">\n\t\t\t\t\t\t\t\t\t\t\t\t\t<img decoding=\"async\" width=\"350\" height=\"376\" src=\"https:\/\/www.vkya.com.uy\/sitio\/wp-content\/uploads\/2024\/07\/liquidacion_impuestos_irpf.jpg\" class=\"attachment-large size-large wp-image-712\" alt=\"\" srcset=\"https:\/\/www.vkya.com.uy\/sitio\/wp-content\/uploads\/2024\/07\/liquidacion_impuestos_irpf.jpg 350w, https:\/\/www.vkya.com.uy\/sitio\/wp-content\/uploads\/2024\/07\/liquidacion_impuestos_irpf-279x300.jpg 279w\" sizes=\"(max-width: 350px) 100vw, 350px\" \/>\t\t\t\t\t\t\t\t\t\t\t\t\t<\/div>\n\t\t\t\t<\/div>\n\t\t\t\t<div class=\"elementor-element elementor-element-fab532b elementor-widget elementor-widget-text-editor\" data-id=\"fab532b\" data-element_type=\"widget\" data-widget_type=\"text-editor.default\">\n\t\t\t\t<div class=\"elementor-widget-container\">\n\t\t\t\t\t\t\t<p><strong>El servicio de liquidaci\u00f3n de impuestos a la renta y patrimonio para personas f\u00edsicas en Uruguay es esencial para aquellos que desean asegurar el cumplimiento legal y la precisi\u00f3n en sus pagos fiscales.<\/strong><\/p><p><strong>Este servicio no solo garantiza que los impuestos sean calculados y pagados correctamente, sino que tambi\u00e9n libera a los contribuyentes de la complejidad de manejar estas obligaciones, permiti\u00e9ndoles centrarse en otros aspectos de su vida financiera con tranquilidad.<\/strong><\/p>\t\t\t\t\t\t<\/div>\n\t\t\t\t<\/div>\n\t\t\t\t\t<\/div>\n\t\t\t\t<\/div>\n\t\t\t\t<\/div>\n\t\t","protected":false},"excerpt":{"rendered":"<p>Liquidaci\u00f3n de Impuesto al Patrimonio e IRPF. Servicio de Liquidaci\u00f3n de Impuestos a la Renta [&hellip;]<\/p>\n","protected":false},"author":3,"featured_media":0,"parent":0,"menu_order":0,"comment_status":"closed","ping_status":"closed","template":"","meta":{"footnotes":""},"_links":{"self":[{"href":"https:\/\/www.vkya.com.uy\/sitio\/wp-json\/wp\/v2\/pages\/702"}],"collection":[{"href":"https:\/\/www.vkya.com.uy\/sitio\/wp-json\/wp\/v2\/pages"}],"about":[{"href":"https:\/\/www.vkya.com.uy\/sitio\/wp-json\/wp\/v2\/types\/page"}],"author":[{"embeddable":true,"href":"https:\/\/www.vkya.com.uy\/sitio\/wp-json\/wp\/v2\/users\/3"}],"replies":[{"embeddable":true,"href":"https:\/\/www.vkya.com.uy\/sitio\/wp-json\/wp\/v2\/comments?post=702"}],"version-history":[{"count":10,"href":"https:\/\/www.vkya.com.uy\/sitio\/wp-json\/wp\/v2\/pages\/702\/revisions"}],"predecessor-version":[{"id":715,"href":"https:\/\/www.vkya.com.uy\/sitio\/wp-json\/wp\/v2\/pages\/702\/revisions\/715"}],"wp:attachment":[{"href":"https:\/\/www.vkya.com.uy\/sitio\/wp-json\/wp\/v2\/media?parent=702"}],"curies":[{"name":"wp","href":"https:\/\/api.w.org\/{rel}","templated":true}]}}